{"id":587,"date":"2025-05-01T18:47:33","date_gmt":"2025-05-01T18:47:33","guid":{"rendered":"https:\/\/mseijofitness.com\/producto\/asesoria-premium-trimestral-11\/"},"modified":"2025-06-13T04:14:21","modified_gmt":"2025-06-13T04:14:21","slug":"asesoria-premium-trimestral-11","status":"publish","type":"product","link":"https:\/\/mseijofitness.com\/en\/producto\/asesoria-premium-trimestral-11\/","title":{"rendered":"Asesor\u00eda Premium Trimestral 1:1"},"content":{"rendered":"","protected":false},"excerpt":{"rendered":"<p>Entrenamiento y dieta personalizada en app, seguimiento 1:1.<\/p>\n","protected":false},"featured_media":569,"comment_status":"open","ping_status":"closed","template":"","meta":{"_acf_changed":false,"iawp_total_views":1},"marca":[53,52],"product_brand":[],"product_cat":[77,78],"product_tag":[79,80,81],"class_list":{"0":"post-587","1":"product","2":"type-product","3":"status-publish","4":"has-post-thumbnail","6":"marca-fitness-coach","7":"marca-mario-seijo","8":"product_cat-asesorias-en","9":"product_cat-servicio-premium-en","10":"product_tag-dieta-en","11":"product_tag-entrenamiento-en","12":"product_tag-salud-en","14":"first","15":"instock","16":"sale","17":"shipping-taxable","18":"purchasable","19":"product-type-simple"},"acf":[],"yoast_head":"<!-- This site is optimized with the Yoast SEO plugin v27.4 - https:\/\/yoast.com\/product\/yoast-seo-wordpress\/ -->\n<title>Asesor\u00eda Premium Trimestral 1:1 - Mario Seijo<\/title>\n<meta name=\"description\" content=\"Optimiza tu salud y entrenamiento con asesor\u00eda personalizada 1:1. Incluye dieta y seguimiento en app por solo 151,25 \u20ac. Env\u00edo gratis y devoluci\u00f3n en 100 d\u00edas.\" \/>\n<meta name=\"robots\" content=\"index, follow, max-snippet:-1, max-image-preview:large, max-video-preview:-1\" \/>\n<link rel=\"canonical\" href=\"https:\/\/mseijofitness.com\/en\/producto\/asesoria-premium-trimestral-11\/\" \/>\n<meta property=\"og:locale\" content=\"en_US\" \/>\n<meta property=\"og:type\" content=\"article\" \/>\n<meta property=\"og:title\" content=\"Asesor\u00eda Premium Trimestral 1:1 - Mario Seijo\" \/>\n<meta property=\"og:description\" content=\"Optimiza tu salud y entrenamiento con asesor\u00eda personalizada 1:1. Incluye dieta y seguimiento en app por solo 151,25 \u20ac. Env\u00edo gratis y devoluci\u00f3n en 100 d\u00edas.\" \/>\n<meta property=\"og:url\" content=\"https:\/\/mseijofitness.com\/en\/producto\/asesoria-premium-trimestral-11\/\" \/>\n<meta property=\"og:site_name\" content=\"MARIO SEIJO fitness coach\" \/>\n<meta property=\"article:modified_time\" content=\"2025-06-13T04:14:21+00:00\" \/>\n<meta property=\"og:image\" content=\"https:\/\/mseijofitness.com\/wp-content\/uploads\/2025\/05\/Leonardo_Vision_XL_Una_imagen_moderna_y_dinmica_que_represente_0.jpg\" \/>\n\t<meta property=\"og:image:width\" content=\"1792\" \/>\n\t<meta property=\"og:image:height\" content=\"1456\" \/>\n\t<meta property=\"og:image:type\" content=\"image\/jpeg\" \/>\n<meta name=\"twitter:card\" content=\"summary_large_image\" \/>\n<!-- \/ Yoast SEO plugin. -->","yoast_head_json":{"title":"Asesor\u00eda Premium Trimestral 1:1 - Mario Seijo","description":"Optimiza tu salud y entrenamiento con asesor\u00eda personalizada 1:1. Incluye dieta y seguimiento en app por solo 151,25 \u20ac. Env\u00edo gratis y devoluci\u00f3n en 100 d\u00edas.","robots":{"index":"index","follow":"follow","max-snippet":"max-snippet:-1","max-image-preview":"max-image-preview:large","max-video-preview":"max-video-preview:-1"},"canonical":"https:\/\/mseijofitness.com\/en\/producto\/asesoria-premium-trimestral-11\/","og_locale":"en_US","og_type":"article","og_title":"Asesor\u00eda Premium Trimestral 1:1 - Mario Seijo","og_description":"Optimiza tu salud y entrenamiento con asesor\u00eda personalizada 1:1. Incluye dieta y seguimiento en app por solo 151,25 \u20ac. Env\u00edo gratis y devoluci\u00f3n en 100 d\u00edas.","og_url":"https:\/\/mseijofitness.com\/en\/producto\/asesoria-premium-trimestral-11\/","og_site_name":"MARIO SEIJO fitness coach","article_modified_time":"2025-06-13T04:14:21+00:00","og_image":[{"width":1792,"height":1456,"url":"https:\/\/mseijofitness.com\/wp-content\/uploads\/2025\/05\/Leonardo_Vision_XL_Una_imagen_moderna_y_dinmica_que_represente_0.jpg","type":"image\/jpeg"}],"twitter_card":"summary_large_image","schema":{"@context":"https:\/\/schema.org","@graph":[{"@type":"WebPage","@id":"https:\/\/mseijofitness.com\/en\/producto\/asesoria-premium-trimestral-11\/","url":"https:\/\/mseijofitness.com\/en\/producto\/asesoria-premium-trimestral-11\/","name":"Asesor\u00eda Premium Trimestral 1:1 - Mario Seijo","isPartOf":{"@id":"https:\/\/mseijofitness.com\/en\/#website"},"primaryImageOfPage":{"@id":"https:\/\/mseijofitness.com\/en\/producto\/asesoria-premium-trimestral-11\/#primaryimage"},"image":{"@id":"https:\/\/mseijofitness.com\/en\/producto\/asesoria-premium-trimestral-11\/#primaryimage"},"thumbnailUrl":"https:\/\/mseijofitness.com\/wp-content\/uploads\/2025\/05\/Leonardo_Vision_XL_Una_imagen_moderna_y_dinmica_que_represente_0.jpg","datePublished":"2025-05-01T18:47:33+00:00","dateModified":"2025-06-13T04:14:21+00:00","description":"Optimiza tu salud y entrenamiento con asesor\u00eda personalizada 1:1. Incluye dieta y seguimiento en app por solo 151,25 \u20ac. Env\u00edo gratis y devoluci\u00f3n en 100 d\u00edas.","breadcrumb":{"@id":"https:\/\/mseijofitness.com\/en\/producto\/asesoria-premium-trimestral-11\/#breadcrumb"},"inLanguage":"en-US","potentialAction":[{"@type":"ReadAction","target":["https:\/\/mseijofitness.com\/en\/producto\/asesoria-premium-trimestral-11\/"]}]},{"@type":"ImageObject","inLanguage":"en-US","@id":"https:\/\/mseijofitness.com\/en\/producto\/asesoria-premium-trimestral-11\/#primaryimage","url":"https:\/\/mseijofitness.com\/wp-content\/uploads\/2025\/05\/Leonardo_Vision_XL_Una_imagen_moderna_y_dinmica_que_represente_0.jpg","contentUrl":"https:\/\/mseijofitness.com\/wp-content\/uploads\/2025\/05\/Leonardo_Vision_XL_Una_imagen_moderna_y_dinmica_que_represente_0.jpg","width":1792,"height":1456},{"@type":"BreadcrumbList","@id":"https:\/\/mseijofitness.com\/en\/producto\/asesoria-premium-trimestral-11\/#breadcrumb","itemListElement":[{"@type":"ListItem","position":1,"name":"Portada","item":"https:\/\/mseijofitness.com\/en\/"},{"@type":"ListItem","position":2,"name":"Tienda","item":"https:\/\/mseijofitness.com\/en\/tienda\/"},{"@type":"ListItem","position":3,"name":"Asesor\u00eda Premium Trimestral 1:1"}]},{"@type":"WebSite","@id":"https:\/\/mseijofitness.com\/en\/#website","url":"https:\/\/mseijofitness.com\/en\/","name":"MARIO SEIJO fitness coach","description":"","potentialAction":[{"@type":"SearchAction","target":{"@type":"EntryPoint","urlTemplate":"https:\/\/mseijofitness.com\/en\/?s={search_term_string}"},"query-input":{"@type":"PropertyValueSpecification","valueRequired":true,"valueName":"search_term_string"}}],"inLanguage":"en-US"}]}},"_links":{"self":[{"href":"https:\/\/mseijofitness.com\/en\/wp-json\/wp\/v2\/product\/587","targetHints":{"allow":["GET"]}}],"collection":[{"href":"https:\/\/mseijofitness.com\/en\/wp-json\/wp\/v2\/product"}],"about":[{"href":"https:\/\/mseijofitness.com\/en\/wp-json\/wp\/v2\/types\/product"}],"replies":[{"embeddable":true,"href":"https:\/\/mseijofitness.com\/en\/wp-json\/wp\/v2\/comments?post=587"}],"wp:featuredmedia":[{"embeddable":true,"href":"https:\/\/mseijofitness.com\/en\/wp-json\/wp\/v2\/media\/569"}],"wp:attachment":[{"href":"https:\/\/mseijofitness.com\/en\/wp-json\/wp\/v2\/media?parent=587"}],"wp:term":[{"taxonomy":"marca","embeddable":true,"href":"https:\/\/mseijofitness.com\/en\/wp-json\/wp\/v2\/marca?post=587"},{"taxonomy":"product_brand","embeddable":true,"href":"https:\/\/mseijofitness.com\/en\/wp-json\/wp\/v2\/product_brand?post=587"},{"taxonomy":"product_cat","embeddable":true,"href":"https:\/\/mseijofitness.com\/en\/wp-json\/wp\/v2\/product_cat?post=587"},{"taxonomy":"product_tag","embeddable":true,"href":"https:\/\/mseijofitness.com\/en\/wp-json\/wp\/v2\/product_tag?post=587"}],"curies":[{"name":"wp","href":"https:\/\/api.w.org\/{rel}","templated":true}]}}