{"id":590,"date":"2025-05-01T18:44:50","date_gmt":"2025-05-01T18:44:50","guid":{"rendered":"https:\/\/mseijofitness.com\/producto\/cursos-de-rutinas-personalizadas-fitness\/"},"modified":"2025-06-13T04:34:06","modified_gmt":"2025-06-13T04:34:06","slug":"cursos-de-rutinas-personalizadas-fitness","status":"publish","type":"product","link":"https:\/\/mseijofitness.com\/en\/producto\/cursos-de-rutinas-personalizadas-fitness\/","title":{"rendered":"Cursos de Rutinas Personalizadas Fitness"},"content":{"rendered":"","protected":false},"excerpt":{"rendered":"<p>Entrenamiento y dieta personalizada en la app.<\/p>\n","protected":false},"featured_media":542,"comment_status":"open","ping_status":"closed","template":"","meta":{"_acf_changed":false,"iawp_total_views":0},"marca":[73,52],"product_brand":[],"product_cat":[82,77],"product_tag":[79,80,89],"class_list":{"0":"post-590","1":"product","2":"type-product","3":"status-publish","4":"has-post-thumbnail","6":"marca-fitness-pro","7":"marca-mario-seijo","8":"product_cat-acesorios-en","9":"product_cat-asesorias-en","10":"product_tag-dieta-en","11":"product_tag-entrenamiento-en","12":"product_tag-fitness-en","14":"first","15":"instock","16":"sale","17":"shipping-taxable","18":"purchasable","19":"product-type-simple"},"acf":[],"yoast_head":"<!-- This site is optimized with the Yoast SEO plugin v27.4 - https:\/\/yoast.com\/product\/yoast-seo-wordpress\/ -->\n<title>Cursos Rutinas Fitness Personalizadas - MARIO SEIJO<\/title>\n<meta name=\"description\" content=\"Descubre nuestros cursos de rutinas personalizadas en MARIO SEIJO fitness coach. Entrenamiento y dieta ajustados a ti por 556,88 \u20ac. \u00a1Env\u00edo gratis y 100 d\u00edas de devoluci\u00f3n!\" \/>\n<meta name=\"robots\" content=\"index, follow, max-snippet:-1, max-image-preview:large, max-video-preview:-1\" \/>\n<link rel=\"canonical\" href=\"https:\/\/mseijofitness.com\/en\/producto\/cursos-de-rutinas-personalizadas-fitness\/\" \/>\n<meta property=\"og:locale\" content=\"en_US\" \/>\n<meta property=\"og:type\" content=\"article\" \/>\n<meta property=\"og:title\" content=\"Cursos Rutinas Fitness Personalizadas - MARIO SEIJO\" \/>\n<meta property=\"og:description\" content=\"Descubre nuestros cursos de rutinas personalizadas en MARIO SEIJO fitness coach. Entrenamiento y dieta ajustados a ti por 556,88 \u20ac. \u00a1Env\u00edo gratis y 100 d\u00edas de devoluci\u00f3n!\" \/>\n<meta property=\"og:url\" content=\"https:\/\/mseijofitness.com\/en\/producto\/cursos-de-rutinas-personalizadas-fitness\/\" \/>\n<meta property=\"og:site_name\" content=\"MARIO SEIJO fitness coach\" \/>\n<meta property=\"article:modified_time\" content=\"2025-06-13T04:34:06+00:00\" \/>\n<meta property=\"og:image\" content=\"https:\/\/mseijofitness.com\/wp-content\/uploads\/2025\/05\/Leonardo_Vision_XL_Un_entrenador_personal_guiando_a_una_person_0.jpg\" \/>\n\t<meta property=\"og:image:width\" content=\"1792\" \/>\n\t<meta property=\"og:image:height\" content=\"1456\" \/>\n\t<meta property=\"og:image:type\" content=\"image\/jpeg\" \/>\n<meta name=\"twitter:card\" content=\"summary_large_image\" \/>\n<!-- \/ Yoast SEO plugin. -->","yoast_head_json":{"title":"Cursos Rutinas Fitness Personalizadas - MARIO SEIJO","description":"Descubre nuestros cursos de rutinas personalizadas en MARIO SEIJO fitness coach. Entrenamiento y dieta ajustados a ti por 556,88 \u20ac. \u00a1Env\u00edo gratis y 100 d\u00edas de devoluci\u00f3n!","robots":{"index":"index","follow":"follow","max-snippet":"max-snippet:-1","max-image-preview":"max-image-preview:large","max-video-preview":"max-video-preview:-1"},"canonical":"https:\/\/mseijofitness.com\/en\/producto\/cursos-de-rutinas-personalizadas-fitness\/","og_locale":"en_US","og_type":"article","og_title":"Cursos Rutinas Fitness Personalizadas - MARIO SEIJO","og_description":"Descubre nuestros cursos de rutinas personalizadas en MARIO SEIJO fitness coach. Entrenamiento y dieta ajustados a ti por 556,88 \u20ac. \u00a1Env\u00edo gratis y 100 d\u00edas de devoluci\u00f3n!","og_url":"https:\/\/mseijofitness.com\/en\/producto\/cursos-de-rutinas-personalizadas-fitness\/","og_site_name":"MARIO SEIJO fitness coach","article_modified_time":"2025-06-13T04:34:06+00:00","og_image":[{"width":1792,"height":1456,"url":"https:\/\/mseijofitness.com\/wp-content\/uploads\/2025\/05\/Leonardo_Vision_XL_Un_entrenador_personal_guiando_a_una_person_0.jpg","type":"image\/jpeg"}],"twitter_card":"summary_large_image","schema":{"@context":"https:\/\/schema.org","@graph":[{"@type":"WebPage","@id":"https:\/\/mseijofitness.com\/en\/producto\/cursos-de-rutinas-personalizadas-fitness\/","url":"https:\/\/mseijofitness.com\/en\/producto\/cursos-de-rutinas-personalizadas-fitness\/","name":"Cursos Rutinas Fitness Personalizadas - MARIO SEIJO","isPartOf":{"@id":"https:\/\/mseijofitness.com\/en\/#website"},"primaryImageOfPage":{"@id":"https:\/\/mseijofitness.com\/en\/producto\/cursos-de-rutinas-personalizadas-fitness\/#primaryimage"},"image":{"@id":"https:\/\/mseijofitness.com\/en\/producto\/cursos-de-rutinas-personalizadas-fitness\/#primaryimage"},"thumbnailUrl":"https:\/\/mseijofitness.com\/wp-content\/uploads\/2025\/05\/Leonardo_Vision_XL_Un_entrenador_personal_guiando_a_una_person_0.jpg","datePublished":"2025-05-01T18:44:50+00:00","dateModified":"2025-06-13T04:34:06+00:00","description":"Descubre nuestros cursos de rutinas personalizadas en MARIO SEIJO fitness coach. Entrenamiento y dieta ajustados a ti por 556,88 \u20ac. \u00a1Env\u00edo gratis y 100 d\u00edas de devoluci\u00f3n!","breadcrumb":{"@id":"https:\/\/mseijofitness.com\/en\/producto\/cursos-de-rutinas-personalizadas-fitness\/#breadcrumb"},"inLanguage":"en-US","potentialAction":[{"@type":"ReadAction","target":["https:\/\/mseijofitness.com\/en\/producto\/cursos-de-rutinas-personalizadas-fitness\/"]}]},{"@type":"ImageObject","inLanguage":"en-US","@id":"https:\/\/mseijofitness.com\/en\/producto\/cursos-de-rutinas-personalizadas-fitness\/#primaryimage","url":"https:\/\/mseijofitness.com\/wp-content\/uploads\/2025\/05\/Leonardo_Vision_XL_Un_entrenador_personal_guiando_a_una_person_0.jpg","contentUrl":"https:\/\/mseijofitness.com\/wp-content\/uploads\/2025\/05\/Leonardo_Vision_XL_Un_entrenador_personal_guiando_a_una_person_0.jpg","width":1792,"height":1456},{"@type":"BreadcrumbList","@id":"https:\/\/mseijofitness.com\/en\/producto\/cursos-de-rutinas-personalizadas-fitness\/#breadcrumb","itemListElement":[{"@type":"ListItem","position":1,"name":"Portada","item":"https:\/\/mseijofitness.com\/en\/"},{"@type":"ListItem","position":2,"name":"Tienda","item":"https:\/\/mseijofitness.com\/en\/tienda\/"},{"@type":"ListItem","position":3,"name":"Cursos de Rutinas Personalizadas Fitness"}]},{"@type":"WebSite","@id":"https:\/\/mseijofitness.com\/en\/#website","url":"https:\/\/mseijofitness.com\/en\/","name":"MARIO SEIJO fitness coach","description":"","potentialAction":[{"@type":"SearchAction","target":{"@type":"EntryPoint","urlTemplate":"https:\/\/mseijofitness.com\/en\/?s={search_term_string}"},"query-input":{"@type":"PropertyValueSpecification","valueRequired":true,"valueName":"search_term_string"}}],"inLanguage":"en-US"}]}},"_links":{"self":[{"href":"https:\/\/mseijofitness.com\/en\/wp-json\/wp\/v2\/product\/590","targetHints":{"allow":["GET"]}}],"collection":[{"href":"https:\/\/mseijofitness.com\/en\/wp-json\/wp\/v2\/product"}],"about":[{"href":"https:\/\/mseijofitness.com\/en\/wp-json\/wp\/v2\/types\/product"}],"replies":[{"embeddable":true,"href":"https:\/\/mseijofitness.com\/en\/wp-json\/wp\/v2\/comments?post=590"}],"wp:featuredmedia":[{"embeddable":true,"href":"https:\/\/mseijofitness.com\/en\/wp-json\/wp\/v2\/media\/542"}],"wp:attachment":[{"href":"https:\/\/mseijofitness.com\/en\/wp-json\/wp\/v2\/media?parent=590"}],"wp:term":[{"taxonomy":"marca","embeddable":true,"href":"https:\/\/mseijofitness.com\/en\/wp-json\/wp\/v2\/marca?post=590"},{"taxonomy":"product_brand","embeddable":true,"href":"https:\/\/mseijofitness.com\/en\/wp-json\/wp\/v2\/product_brand?post=590"},{"taxonomy":"product_cat","embeddable":true,"href":"https:\/\/mseijofitness.com\/en\/wp-json\/wp\/v2\/product_cat?post=590"},{"taxonomy":"product_tag","embeddable":true,"href":"https:\/\/mseijofitness.com\/en\/wp-json\/wp\/v2\/product_tag?post=590"}],"curies":[{"name":"wp","href":"https:\/\/api.w.org\/{rel}","templated":true}]}}